{"id":2241,"date":"2015-11-03T15:09:10","date_gmt":"2015-11-03T14:09:10","guid":{"rendered":"https:\/\/fpp.hr\/proizvod\/immunage\/"},"modified":"2025-06-13T11:44:58","modified_gmt":"2025-06-13T09:44:58","slug":"fpp","status":"publish","type":"product","link":"https:\/\/fpp.hr\/sl\/proizvod\/fpp\/","title":{"rendered":"FPP\u00ae 1 kutija"},"content":{"rendered":"<p><strong><u>VI\u0160E O PROIZVODU<\/u><\/strong><\/p>\n<p><strong>FPP <\/strong><strong>\u00ae<\/strong> (Fermented Papaya Preparation) je potpuno prirodan dodatak prehrani proizveden od 100% pripravka fermentirane papaje u prahu. \u00a0Brojna znanstvena istra\u017eivanja dokazala su blagotvorno djelovanje fermentirane papaje na prirodan i neinvazivan na\u010din.<\/p>\n<p><strong>FPP<\/strong><strong>\u00ae<\/strong> je jedinstveni dodatak prehrani dobiven posebno patentiranim procesom fermentacije ploda papaje (Carica Papaya). Tijekom desetomjese\u010dnog procesa fermentacije dolazi do stvaranja novih spojeva. Pomno pra\u0107en proces fermentacije jam\u010di kvalitetu proizvoda i osigurava njegovo najbolje djelovanje.<\/p>\n<p>&nbsp;<\/p>\n<p><strong>Upotreba FPP<\/strong><strong>\u00ae<\/strong><strong>-a<\/strong><\/p>\n<p>FPP\u00ae se mo\u017ee koristiti kao samostalni pripravak ili u kombinaciji s vitaminsko-mineralnim pripravcima.<\/p>\n<p>&nbsp;<\/p>\n<p><strong>Primjena FPP<\/strong><strong>\u00ae<\/strong><strong>-a <\/strong>vrlo je jednostavna. Sadr\u017eaj vre\u0107ice potrebno je otopiti u ustima i progutati. Zbog bolje apsorpcije i djelovanja preporu\u010dljivo je proizvod uzeti nata\u0161te. Uobi\u010dajena doza je 1 vre\u0107ica na dan, a po potrebi se mo\u017ee uzeti do 3 vre\u0107ice dnevno. Fermentiranu papaju mo\u017eete koristiti kontinuirano ili periodi\u010dno po nekoliko puta godi\u0161nje.<\/p>\n","protected":false},"excerpt":{"rendered":"<p><strong><u>VI\u0160E O PROIZVODU<\/u><\/strong><\/p>\n<p><strong>FPP <\/strong><strong>\u00ae<\/strong> (Fermented Papaya Preparation) je potpuno prirodan dodatak prehrani proizveden od 100% pripravka fermentirane papaje u prahu. \u00a0Brojna znanstvena istra\u017eivanja dokazala su blagotvorno djelovanje fermentirane papaje na prirodan i neinvazivan na\u010din.<\/p>\n<p><strong>FPP<\/strong><strong>\u00ae<\/strong> je jedinstveni dodatak prehrani dobiven posebno patentiranim procesom fermentacije ploda papaje (Carica Papaya). Tijekom desetomjese\u010dnog procesa fermentacije dolazi do stvaranja novih spojeva. Pomno pra\u0107en proces fermentacije jam\u010di kvalitetu proizvoda i osigurava njegovo najbolje djelovanje.<\/p>\n<p>&nbsp;<\/p>\n<p><strong>Upotreba FPP<\/strong><strong>\u00ae<\/strong><strong>-a<\/strong><\/p>\n<p>FPP\u00ae se mo\u017ee koristiti kao samostalni pripravak ili u kombinaciji s vitaminsko-mineralnim pripravcima.<\/p>\n<p>&nbsp;<\/p>\n<p><strong>Primjena FPP<\/strong><strong>\u00ae<\/strong><strong>-a <\/strong>vrlo je jednostavna. Sadr\u017eaj vre\u0107ice potrebno je otopiti u ustima i progutati. Zbog bolje apsorpcije i djelovanja preporu\u010dljivo je proizvod uzeti nata\u0161te. Uobi\u010dajena doza je 1 vre\u0107ica na dan, a po potrebi se mo\u017ee uzeti do 3 vre\u0107ice dnevno. Fermentiranu papaju mo\u017eete koristiti kontinuirano ili periodi\u010dno po nekoliko puta godi\u0161nje.<\/p>\n","protected":false},"featured_media":2346,"comment_status":"open","ping_status":"closed","template":"","meta":[],"product_brand":[],"product_cat":[62,63],"product_tag":[64,65,66],"class_list":{"0":"post-2241","1":"product","2":"type-product","3":"status-publish","4":"has-post-thumbnail","6":"product_cat-immunage-sl","7":"product_cat-papaja-sl","8":"product_tag-elegant-sl","9":"product_tag-limited-sl","10":"product_tag-modern-sl","12":"first","13":"instock","14":"shipping-taxable","15":"purchasable","16":"product-type-simple"},"_links":{"self":[{"href":"https:\/\/fpp.hr\/sl\/wp-json\/wp\/v2\/product\/2241","targetHints":{"allow":["GET"]}}],"collection":[{"href":"https:\/\/fpp.hr\/sl\/wp-json\/wp\/v2\/product"}],"about":[{"href":"https:\/\/fpp.hr\/sl\/wp-json\/wp\/v2\/types\/product"}],"replies":[{"embeddable":true,"href":"https:\/\/fpp.hr\/sl\/wp-json\/wp\/v2\/comments?post=2241"}],"wp:featuredmedia":[{"embeddable":true,"href":"https:\/\/fpp.hr\/sl\/wp-json\/wp\/v2\/media\/2346"}],"wp:attachment":[{"href":"https:\/\/fpp.hr\/sl\/wp-json\/wp\/v2\/media?parent=2241"}],"wp:term":[{"taxonomy":"product_brand","embeddable":true,"href":"https:\/\/fpp.hr\/sl\/wp-json\/wp\/v2\/product_brand?post=2241"},{"taxonomy":"product_cat","embeddable":true,"href":"https:\/\/fpp.hr\/sl\/wp-json\/wp\/v2\/product_cat?post=2241"},{"taxonomy":"product_tag","embeddable":true,"href":"https:\/\/fpp.hr\/sl\/wp-json\/wp\/v2\/product_tag?post=2241"}],"curies":[{"name":"wp","href":"https:\/\/api.w.org\/{rel}","templated":true}]}}