{"id":2046,"date":"2022-03-31T09:45:09","date_gmt":"2022-03-31T09:45:09","guid":{"rendered":"https:\/\/fpp.hr\/uvjeti-kupnje\/"},"modified":"2023-12-01T07:52:37","modified_gmt":"2023-12-01T07:52:37","slug":"uvjeti-kupnje","status":"publish","type":"page","link":"https:\/\/fpp.hr\/sl\/uvjeti-kupnje\/","title":{"rendered":"Uvjeti kupnje"},"content":{"rendered":"<p><div class=\"fusion-fullwidth fullwidth-box fusion-builder-row-1 fusion-flex-container nonhundred-percent-fullwidth non-hundred-percent-height-scrolling\" style=\"--awb-border-radius-top-left:0px;--awb-border-radius-top-right:0px;--awb-border-radius-bottom-right:0px;--awb-border-radius-bottom-left:0px;--awb-padding-bottom:0px;--awb-margin-bottom:0px;--awb-flex-wrap:wrap;\" ><div class=\"fusion-builder-row fusion-row fusion-flex-align-items-flex-start fusion-flex-content-wrap\" style=\"max-width:1112.8px;margin-left: calc(-4% \/ 2 );margin-right: calc(-4% \/ 2 );\"><div class=\"fusion-layout-column fusion_builder_column fusion-builder-column-0 fusion_builder_column_1_1 1_1 fusion-flex-column\" style=\"--awb-bg-blend:overlay;--awb-bg-size:cover;--awb-width-large:100%;--awb-margin-top-large:0px;--awb-spacing-right-large:1.92%;--awb-margin-bottom-large:0px;--awb-spacing-left-large:1.92%;--awb-width-medium:100%;--awb-spacing-right-medium:1.92%;--awb-spacing-left-medium:1.92%;--awb-width-small:100%;--awb-spacing-right-small:1.92%;--awb-spacing-left-small:1.92%;\"><div class=\"fusion-column-wrapper fusion-flex-justify-content-flex-start fusion-content-layout-column\"><div class=\"fusion-text fusion-text-1\" style=\"--awb-text-transform:none;\"><h4 class=\"fusion-responsive-typography-calculated\" style=\"--fontsize: 26; line-height: 1.2; --minfontsize: 26; --fontSize:26; --minFontSize:26;\" data-fontsize=\"26\" data-lineheight=\"31.2px\">Op\u0107enito<\/h4>\n<p>Dru\u0161tvo MAAY d.o.o je vlasnik web stranice <a href=\"https:\/\/fpp.hr\/sl\/\" target=\"_blank\" rel=\"noopener\">www.fpp.hr<\/a>, Op\u0107i uvjeti poslovanja vrijede za sve kupce. Prihva\u0107anje op\u0107ih uvjeta poslovanja kupac potvr\u0111uje svojom registracijom i\/ili narud\u017ebom proizvoda. web stranice <a href=\"https:\/\/fpp.hr\/sl\/\" target=\"_blank\" rel=\"noopener\">www.fpp.hr<\/a> mo\u017eete koristiti isklju\u010divo za pretra\u017eivanje na\u0161e on line baze podataka, informiranje o proizvodima i poduze\u0107u te za narud\u017ebu ponu\u0111enih proizvoda. Upotreba na\u0161ih web stranica za druge svrhe bez pisanog odobrenja vlasnika je ka\u017enjiva i podlije\u017ee zakonu o za\u0161titi autorskih prava Republike Hrvatske.<\/p>\n<p>Narud\u017ebe putem web stranice <a href=\"https:\/\/fpp.hr\/sl\/\" target=\"_blank\" rel=\"noopener\">www.fpp.hr<\/a> mogu napraviti samo punoljetne osobe.<\/p>\n<h4 class=\"fusion-responsive-typography-calculated\" style=\"--fontsize: 26; line-height: 1.2; --minfontsize: 26; --fontSize:26; --minFontSize:26;\" data-fontsize=\"26\" data-lineheight=\"31.2px\">Odricanje od odgovornosti<\/h4>\n<p>Web stranica <a href=\"https:\/\/fpp.hrr\" target=\"_blank\" rel=\"noopener\">www.fpp.hr<\/a> nije zamjena za lije\u010dni\u010dki savjet\/pregled niti ljekarni\u010dke konzultacije. Informacije na web stranici <a href=\"https:\/\/fpp.hr\/sl\/\" target=\"_blank\" rel=\"noopener\">www.fpp.hr<\/a> ne smiju slu\u017eiti za postavljanje dijagnoze. Ukoliko posumnjate na odre\u0111ene simptome obratite se Va\u0161em lije\u010dniku ili ljekarniku. Ako imate bilo kakve nedoumice oko izbora proizvoda u svrhu samolije\u010denja, opravdanosti ili na\u010dina kori\u0161tenja pojedinog proizvoda posavjetujte se s Va\u0161im lije\u010dnikom ili ljekarnikom.<\/p>\n<p>Ukoliko postoje web poveznice koje s web stranice <a href=\"https:\/\/fpp.hr\/sl\/\" target=\"_blank\" rel=\"noopener\">www.fpp.hr<\/a> upu\u0107uju na drugu web stranicu i\/ili stranicu dru\u0161tvene mre\u017eu, a ta stranica nije u vlasni\u0161tvu dru\u0161tva MAAY d.o.o. tada ono nije odgovorno za sadr\u017eaj na tim stranicama niti se na njih ne odnose ovi Uvjeti kori\u0161tenja.<\/p>\n<p>Kori\u0161tenjem web stranice <a href=\"https:\/\/fpp.hr\/sl\/\" target=\"_blank\" rel=\"noopener\">www.fpp.hr<\/a> smatra se da ste suglasni da ni <a href=\"https:\/\/fpp.hr\/sl\/\" target=\"_blank\" rel=\"noopener\">www.fpp.hr<\/a> ni dru\u0161tvo MAAY d.o.o. ne\u0107e biti odgovorni za bilo kakvu izravnu ili neizravnu, materijalnu ili nematerijalnu \u0161tetu nastalu interpretiranjem informacija sa web stranice <a href=\"https:\/\/fpp.hr\/sl\/\" target=\"_blank\" rel=\"noopener\">www.fpp.hr<\/a> ili odabirom ponu\u0111enih proizvoda.<\/p>\n<h4 class=\"fusion-responsive-typography-calculated\" style=\"--fontsize: 26; line-height: 1.2; --minfontsize: 26; --fontSize:26; --minFontSize:26;\" data-fontsize=\"26\" data-lineheight=\"31.2px\">Informacije o proizvodima<\/h4>\n<p>Informacije o proizvodima ponu\u0111enim na <a href=\"https:\/\/fpp.hr\/sl\/\" target=\"_blank\" rel=\"noopener\">www.fpp.hr<\/a> su preuzete s deklaracija pojedinog proizvoda, unutarnjih uputa proizvoda ili su preuzete iz materijala (bro\u0161ura, letaka, web stranica) koje je uredilo bilo dru\u0161tvo MAAY d.o.o. za vlastite proizvode bilo proizvo\u0111a\u010d, uvoznik ili dobavlja\u010d pojedinog proizvoda tre\u0107e strane. Fotografije su preuzete od proizvo\u0111a\u010da odnosno dobavlja\u010da i ne moraju nu\u017eno biti identi\u010dne. Nastojimo pru\u017eiti \u0161to to\u010dnije i detaljnije informacije o pojedinom proizvodu. Zadr\u017eavamo pravo pogre\u0161ke u opisu ili fotografiji pojedinog proizvoda. Dru\u0161tvo MAAY d.o.o. zadr\u017eava pravo izmjene informacija (uklju\u010duju\u0107i cijene artikala i akcijske ponude) na stranicama bez prethodne najave.<\/p>\n<p>Prije kupovine proizvoda dodataka prehrani, preporu\u010damo Vam da se savjetujete s Va\u0161im lije\u010dnikom ili ljekarnikom. Prema va\u017ee\u0107em zakonu, u Hrvatskoj se putem Interneta ne smiju prodavati lijekovi. Dru\u0161tvo MAAY d.o.o. ne prodaje lijekove ili medicinske proizvode.<\/p>\n<h4 class=\"fusion-responsive-typography-calculated\" style=\"--fontsize: 26; line-height: 1.2; --minfontsize: 26; --fontSize:26; --minFontSize:26;\" data-fontsize=\"26\" data-lineheight=\"31.2px\">Cijene<\/h4>\n<p>Sve cijene na web stranicama <a href=\"https:\/\/fpp.hr\/sl\/\" target=\"_blank\" rel=\"noopener\">www.fpp.hr<\/a> izra\u017eene su u HRK i Euro, te sad\u017ee obra\u010dunatu zakonsku stopu PDV u skladu sa propisanim va\u017ee\u0107im stopama za pojedine vrste artikala. U slu\u010daju da se trenutna cijena razlikuje od cijene objavljene na web stranicama <a href=\"https:\/\/fpp.hr\/sl\/\" target=\"_blank\" rel=\"noopener\">www.fpp.hr<\/a>, prije slanja odabranog proizvoda obavijestit \u0107emo Vas o promjeni. Cijene na web stranicama <a href=\"https:\/\/fpp.hr\/sl\/\" target=\"_blank\" rel=\"noopener\">www.fpp.hr<\/a> su namijenjene isklju\u010divo krajnjem kupcu, dakle nisu za veleprodaju.<\/p>\n<h4 class=\"fusion-responsive-typography-calculated\" style=\"--fontsize: 26; line-height: 1.2; --minfontsize: 26; --fontSize:26; --minFontSize:26;\" data-fontsize=\"26\" data-lineheight=\"31.2px\">Jamstvo i servisni uvjeti<\/h4>\n<p>Ukoliko odre\u0111eni artikl ima jamstvo ili podlije\u017ee servisnim uvjetima, to \u0107e biti nagla\u0161eno u opisu tog artikla. Kupac je du\u017ean \u010duvati jamstveni list i ra\u010dun za vrijeme trajanja jamstvenog roka. Samo s predo\u010denjem ra\u010duna i jamstvenog lista kupac mo\u017ee ostvariti svoja prava.<\/p>\n<h4 class=\"fusion-responsive-typography-calculated\" style=\"--fontsize: 26; line-height: 1.2; --minfontsize: 26; --fontSize:26; --minFontSize:26;\" data-fontsize=\"26\" data-lineheight=\"31.2px\">Reklamacije<\/h4>\n<p>Sukladno \u010dlanku 72.st.1. Zakona o za\u0161titi potro\u0161a\u010da, kupac ima pravo u roku 14 kalendarskih dana od dana dostave proizvoda, bez navo\u0111enja razloga, jednostrano raskinuti ugovor sklopljen na daljinu. Kupac o svom naumu raskidanja ugovora treba pismeno obavijestiti MAAY d.o.o. te na na\u0161u adresu, o svom tro\u0161ku sukladno \u010dlanku 77.st.3. Zakona o za\u0161titi potro\u0161a\u010da, vratiti nam proizvod koji je u originalnoj ambala\u017ei i bez vidljivih znakova kori\u0161tenja. U roku 14 dana od primitka proizvoda, MAAY d.o.o. \u0107e kupcu vratiti novac upla\u0107en za proizvod na ra\u010dun Kupca.<\/p>\n<p>Kupac ima pravo na povrat robe u sljede\u0107im slu\u010dajevima:<\/p>\n<ul>\n<li>kod isporuke robe koja nije naru\u010dena; ili<\/li>\n<li>kod isporuke robe koja ima gre\u0161ku ili o\u0161te\u0107enja<\/li>\n<\/ul>\n<h4 class=\"fusion-responsive-typography-calculated\" style=\"--fontsize: 26; line-height: 1.2; --minfontsize: 26; --fontSize:26; --minFontSize:26;\" data-fontsize=\"26\" data-lineheight=\"31.2px\">Dostava<\/h4>\n<p>Dru\u0161tvo MAAY d.o.o. \u0107e sve narud\u017ebe poslati u roku 1-3 radna dana, ovisno o trenutnoj raspolo\u017eivosti proizvoda. Ukoliko vam ne\u0107emo mo\u0107i isporu\u010diti po\u0161iljku u navedenom roku ili uop\u0107e, o tome \u0107emo Vas obavijestiti. Vi pritom mo\u017eete odlu\u010diti ho\u0107ete li prekinuti narud\u017ebu ili pri\u010dekati da naru\u010deni proizvod postane dostupan.<\/p>\n<p>MAAY d.o.o. ne preuzima odgovornost u slu\u010daju ka\u0161njenja isporuke zbog vi\u0161e sile.<\/p>\n<p>Kako bismo osigurali \u0161to kvalitetniju komunikaciju izme\u0111u Vas i dostavlja\u010da, dostavlja\u010du \u0107emo ustupiti i kontakt broj telefona koji ste nam naveli prilikom narud\u017ebe.<\/p>\n<h4 class=\"fusion-responsive-typography-calculated\" style=\"--fontsize: 26; line-height: 1.2; --minfontsize: 26; --fontSize:26; --minFontSize:26;\" data-fontsize=\"26\" data-lineheight=\"31.2px\">Dostava unutar RH<\/h4>\n<p>Za iznos narud\u017ebe manji od 300,00 kuna cijena dostave je 29,00 kn. Ako je druga\u010dije, obavijestit \u0107emo Vas telefonskim putem ili putem elektronske po\u0161te. Za iznos narud\u017ebe iznad 300,00 kn dostava je besplatna.<br \/>Pla\u0107anje prilikom dostave gotovinom-pouze\u0107em (doplata 6,00 kn) i u slu\u010daju ukoliko je Va\u0161a dostava besplatna.<\/p>\n<h4 class=\"fusion-responsive-typography-calculated\" style=\"--fontsize: 26; line-height: 1.2; --minfontsize: 26; --fontSize:26; --minFontSize:26;\" data-fontsize=\"26\" data-lineheight=\"31.2px\">Dostava izvan RH<\/h4>\n<p>Dostava izvan Republike Hrvatske napla\u0107uje se kao zasebni tro\u0161ak.<\/p>\n<p>Dostavu vr\u0161imo: Dostavnom kurirskom slu\u017ebom<\/p>\n<h4 class=\"fusion-responsive-typography-calculated\" style=\"--fontsize: 26; line-height: 1.2; --minfontsize: 26; --fontSize:26; --minFontSize:26;\" data-fontsize=\"26\" data-lineheight=\"31.2px\">Pla\u0107anje<\/h4>\n<p>Pla\u0107anje mo\u017eete izvr\u0161iti na 3 na\u010dina:<\/p>\n<ul>\n<li>Op\u0107om uplatnicom na \u017eiro ra\u010dun Dru\u0161tva IBAN: HR6423600001102650501 Zagreba\u010dka banka d.d.<\/li>\n<li>Gotovinom &#8211; Pouze\u0107em (uz doplatu u iznosu od 6,00 kn). Odaberete li opciju pla\u0107anja pouze\u0107em, po\u0161iljku \u0107ete platiti gotovinom dostavlja\u010du prilikom preuzimanja.<\/li>\n<li>Debitnom karticom teku\u0107eg ra\u010duna &#8211; Debit MaterCard, Maestro, Visa Electron \/ Kreditnim karticama: MasterCard, Visa putem Corvus Pay sustava.<\/li>\n<\/ul>\n<h4 class=\"fusion-responsive-typography-calculated\" style=\"--fontsize: 26; line-height: 1.2; --minfontsize: 26; --fontSize:26; --minFontSize:26;\" data-fontsize=\"26\" data-lineheight=\"31.2px\">Pravo na jednostrani raskid ugovora<\/h4>\n<ol>\n<li>Kupac ima pravo, ne navode\u0107i razloge za to, jednostrano raskinuti ugovor sklopljen izvan poslovnih prostorija dru\u0161tva MAAY d.o.o. ili sklopljen na daljinu u roku od 14 dana.<\/li>\n<li>Rok za jednostrani raskid ugovora zapo\u010dinje te\u0107i od dana kada je kupcu ili tre\u0107oj osobi odre\u0111enoj od strane kupca, a koja nije prijevoznik, roba koja \u010dini predmet ugovora predana u posjed.<\/li>\n<li>Ako je jednom narud\u017ebom kupac naru\u010dio vi\u0161e komada robe koji trebaju biti isporu\u010deni odvojeno, odnosno ako je rije\u010d o robi koja se dostavlja u vi\u0161e komada ili vi\u0161e po\u0161iljki, rok za jednostrani raskid ugovora zapo\u010dinje te\u0107i od dana kada je kupcu ili tre\u0107oj osobi odre\u0111enoj od strane kupca, a koja nije prijevoznik, predan u posjed zadnji komad ili zadnja po\u0161iljka robe.<\/li>\n<li>Ako je s dru\u0161tvom MAAY d.o.o. ugovorena redovita isporuka robe kroz odre\u0111eni period, rok za jednostrani raskid ugovora zapo\u010dinje te\u0107i od dana kada je kupcu ili tre\u0107oj osobi odre\u0111enoj od strane kupca, a koja nije prijevoznik, predan u posjed prvi komad ili prva po\u0161iljka robe.<\/li>\n<\/ol>\n<h4 class=\"fusion-responsive-typography-calculated\" style=\"--fontsize: 26; line-height: 1.2; --minfontsize: 26; --fontSize:26; --minFontSize:26;\" data-fontsize=\"26\" data-lineheight=\"31.2px\">Na\u010din kori\u0161tenja prava na jednostrani raskid ugovora<\/h4>\n<p>Kupac je du\u017ean prije isteka roka od 14 dana za jednostrani raskid ugovora obavijestiti dru\u0161tvo MAAY d.o.o. o svojoj odluci da raskine ugovor i to putem obrasca za jednostrani raskid ugovora koji se nalazi u prilogu ili putem bilo koje druge nedvosmislene izjave kojom izra\u017eava svoju volju da raskine ugovor.<\/p>\n<h4 class=\"fusion-responsive-typography-calculated\" style=\"--fontsize: 26; line-height: 1.2; --minfontsize: 26; --fontSize:26; --minFontSize:26;\" data-fontsize=\"26\" data-lineheight=\"31.2px\">Obrazac za jednostrani raskid ugovora<\/h4>\n<ol>\n<li>Kupac mo\u017ee jednostrano raskinuti ugovor tako da obrazac za jednostrani raskid ili drugu nedvosmislenu izjavu o raskidu ispuni i po\u0161alje elektroni\u010dkim putem na adresu: <a href=\"mailto:info@fpp.hr\">info@fpp.hr.<\/a> Dru\u0161tvo MAAY d.o.o. \u0107e bez odga\u0111anja, dostaviti kupcu potvrdu o primitku izjave o raskidu na trajnom mediju.<\/li>\n<li>Izjavu o raskidu ugovora kupac je du\u017ean poslati prije isteka roka od 14 dana za raskid ugovora. Kupac je du\u017ean dokazati da je svoje pravo na jednostrani raskid ugovora ostvario u skladu s navedenim odredbama Zakona.<\/li>\n<li>Iskoristi li kupac svoje pravo na jednostrani raskid ugovora, dru\u0161tvo MAAY d.o.o. i kupac nisu du\u017eni ispuniti svoje obveze iz ugovora sklopljenog izvan poslovnih prostorija i ugovora sklopljenog na daljinu.<\/li>\n<li>U slu\u010daju raskida ugovora, svaka je strana du\u017ena vratiti drugoj ono \u0161to je primila na temelju ugovora.<\/li>\n<\/ol>\n<h4 class=\"fusion-responsive-typography-calculated\" style=\"--fontsize: 26; line-height: 1.2; --minfontsize: 26; --fontSize:26; --minFontSize:26;\" data-fontsize=\"26\" data-lineheight=\"31.2px\">Obveze dru\u0161tva MAAY d.o.o. u slu\u010daju jednostranog raskida ugovora<\/h4>\n<ol>\n<li>Iskoristi li kupac svoje pravo na jednostrani raskid ugovora iz \u010dlanka 72. Zakona o za\u0161titi potro\u0161a\u010da, dru\u0161tvo MAAY d.o.o. \u0107e bez odga\u0111anja, a najkasnije u roku od 14 dana od dana kad je zaprimilo obavijest o odluci kupca da raskida ugovor sukladno \u010dlanku 74. Zakona o za\u0161titi potro\u0161a\u010da, vratiti kupcu sve \u0161to je platio na temelju ugovora.<\/li>\n<li>Dru\u0161tvo MAAY d.o.o. nije obvezno izvr\u0161iti povrat dodatnih tro\u0161kova koji su rezultat kup\u010devog izri\u010ditog izbora vrste prijevoza koji je razli\u010dit od najjeftinije vrste standardnog prijevoza koji je ponudilo dru\u0161tvo MAAY d.o.o.<\/li>\n<li>Kod ugovora o kupoprodaji, osim ako dru\u0161tvo MAAY d.o.o. nije ponudilo da robu koju kupac vra\u0107a samo preuzme, dru\u0161tvo MAAY d.o.o. \u0107e izvr\u0161iti povrat pla\u0107enog tek nakon \u0161to mu roba bude vra\u0107ena, odnosno, nakon \u0161to joj kupac dostavi dokaz da je robu poslao natrag na adresu dru\u0161tva MAAY d.o.o.<\/li>\n<li>Dru\u0161tvo MAAY d.o.o. \u0107e izvr\u0161iti povrat svega \u0161to je kupac platio na temelju predmetnog ugovora slu\u017ee\u0107i se istim sredstvima pla\u0107anja kojima se koristio kupac prilikom pla\u0107anja, osim ako kupac izri\u010dito ne pristane na neko drugo sredstvo pla\u0107anja bez obveze da plati dodatne tro\u0161kove za takav povrat.<\/li>\n<\/ol>\n<h4 class=\"fusion-responsive-typography-calculated\" style=\"--fontsize: 26; line-height: 1.2; --minfontsize: 26; --fontSize:26; --minFontSize:26;\" data-fontsize=\"26\" data-lineheight=\"31.2px\">Obveze Kupca u slu\u010daju jednostranog raskida ugovora<\/h4>\n<ol>\n<li>Ukoliko dru\u0161tvo MAAY d.o.o. nije ponudilo da robu koju kupac vra\u0107a samo preuzme, kupac mora izvr\u0161iti povrat robe bez odga\u0111anja, a najkasnije u roku od 14 dana od kada je, sukladno \u010dlanku 74. Zakona o za\u0161titi potro\u0161a\u010da, obavijestio dru\u0161tvo MAAY d.o.o. o svojoj odluci da raskine ugovor.<\/li>\n<li>Smatra se da je kupac izvr\u0161io svoju obvezu na vrijeme ako prije isteka roka od 14 dana po\u0161alje robu ili je preda u dru\u0161tvo MAAY d.o.o., odnosno osobi koju je dru\u0161tvo MAAY d.o.o. ovlastilo da primi robu.<\/li>\n<li>Kupac mora snositi samo izravne tro\u0161kove povrata robe, osim ako je dru\u0161tvo MAAY d.o.o. pristalo snositi te tro\u0161kove.<\/li>\n<li>Ako je, kod ugovora sklopljenog izvan poslovnih prostorija, roba u trenutku sklapanja ugovora dostavljena kupcu u njegov dom, dru\u0161tvo MAAY d.o.o. \u0107e preuzeti robu na svoj tro\u0161ak ako robu, zbog njezine prirode, nije mogu\u0107e vratiti na uobi\u010dajeni na\u010din po\u0161tom.<\/li>\n<li>Kupac je odgovoran za svako umanjenje vrijednosti robe, koje je rezultat rukovanja robom, osim onog koje je bilo potrebno za utvr\u0111ivanje prirode, obilje\u017eja i funkcionalnosti robe.<\/li>\n<\/ol>\n<h4 class=\"fusion-responsive-typography-calculated\" style=\"--fontsize: 26; line-height: 1.2; --minfontsize: 26; --fontSize:26; --minFontSize:26;\" data-fontsize=\"26\" data-lineheight=\"31.2px\">Pisani prigovor<\/h4>\n<ol>\n<li>Dru\u0161tvo MAAY d.o.o. omogu\u0107uje kupcu podno\u0161enje pisanog prigovora u svojim poslovnim prostorijama, te \u0107e bez odga\u0111anja pisanim putem potvrditi njegov primitak.<\/li>\n<li>Osim pisanog prigovora u svojim prostorijama dru\u0161tvo MAAY d.o.o. omogu\u0107uje da kupac podnese pisani prigovor putem:\n<ul>\n<li><span style=\"background-color: rgba(255, 255, 255, 0); color: var(--body_typography-color); font-family: var(--body_typography-font-family); font-size: var(--body_typography-font-size); font-style: var(--body_typography-font-style,normal); font-weight: var(--body_typography-font-weight); letter-spacing: var(--body_typography-letter-spacing);\">po\u0161te na adresu: MAAY d.o.o., Mlinovi 159a, 10000 Zagreb,<\/span><\/li>\n<li><span style=\"background-color: rgba(255, 255, 255, 0); color: var(--body_typography-color); font-family: var(--body_typography-font-family); font-size: var(--body_typography-font-size); font-style: var(--body_typography-font-style,normal); font-weight: var(--body_typography-font-weight); letter-spacing: var(--body_typography-letter-spacing);\">putem elektroni\u010dke po\u0161te: <\/span><a href=\"mailto:info@fpp.hr\">info@fpp.hr<\/a><\/li>\n<\/ul>\n<\/li>\n<li>Dru\u0161tvo MAAY d.o.o. \u0107e u pisanom obliku odgovoriti na prigovore u roku od 15 dana od dana zaprimljenog prigovora.<\/li>\n<\/ol>\n<\/div><div class=\"fusion-separator fusion-full-width-sep\" style=\"align-self: center;margin-left: auto;margin-right: auto;margin-top:20px;width:100%;\"><div class=\"fusion-separator-border sep-single sep-solid\" style=\"--awb-height:20px;--awb-amount:20px;border-color:var(--awb-color3);border-top-width:1px;\"><\/div><\/div><\/div><\/div><\/div><\/div><div class=\"fusion-fullwidth fullwidth-box fusion-builder-row-2 fusion-flex-container nonhundred-percent-fullwidth non-hundred-percent-height-scrolling\" style=\"--awb-background-position:left top;--awb-border-sizes-top:0px;--awb-border-sizes-bottom:0px;--awb-border-sizes-left:0px;--awb-border-sizes-right:0px;--awb-border-radius-top-left:0px;--awb-border-radius-top-right:0px;--awb-border-radius-bottom-right:0px;--awb-border-radius-bottom-left:0px;--awb-padding-top:0px;--awb-padding-bottom:0px;--awb-margin-bottom:0px;--awb-flex-wrap:wrap;\" ><div class=\"fusion-builder-row fusion-row fusion-flex-align-items-flex-start fusion-flex-content-wrap\" style=\"max-width:calc( 1070px + 0px );margin-left: calc(-0px \/ 2 );margin-right: calc(-0px \/ 2 );\"><div class=\"fusion-layout-column fusion_builder_column fusion-builder-column-1 fusion_builder_column_1_6 1_6 fusion-flex-column\" style=\"--awb-padding-top:34px;--awb-bg-size:cover;--awb-width-large:16.666666666667%;--awb-margin-top-large:15px;--awb-spacing-right-large:0px;--awb-margin-bottom-large:15px;--awb-spacing-left-large:0px;--awb-width-medium:100%;--awb-order-medium:0;--awb-spacing-right-medium:0px;--awb-spacing-left-medium:0px;--awb-width-small:100%;--awb-order-small:0;--awb-spacing-right-small:0px;--awb-spacing-left-small:0px;\"><div class=\"fusion-column-wrapper fusion-column-has-shadow fusion-flex-justify-content-flex-start fusion-content-layout-column\"><div class=\"fusion-image-element \" style=\"text-align:center;--awb-caption-title-font-family:var(--h2_typography-font-family);--awb-caption-title-font-weight:var(--h2_typography-font-weight);--awb-caption-title-font-style:var(--h2_typography-font-style);--awb-caption-title-size:var(--h2_typography-font-size);--awb-caption-title-transform:var(--h2_typography-text-transform);--awb-caption-title-line-height:var(--h2_typography-line-height);--awb-caption-title-letter-spacing:var(--h2_typography-letter-spacing);\"><span class=\" fusion-imageframe imageframe-none imageframe-1 hover-type-none\"><img decoding=\"async\" width=\"190\" height=\"66\" title=\"osato-logo\" src=\"data:image\/svg+xml,%3Csvg%20xmlns%3D%27http%3A%2F%2Fwww.w3.org%2F2000%2Fsvg%27%20width%3D%27190%27%20height%3D%2766%27%20viewBox%3D%270%200%20190%2066%27%3E%3Crect%20width%3D%27190%27%20height%3D%2766%27%20fill-opacity%3D%220%22%2F%3E%3C%2Fsvg%3E\" data-orig-src=\"https:\/\/fpp.hr\/wp-content\/uploads\/2022\/03\/osato-logo.png\" alt class=\"lazyload img-responsive wp-image-1904\"\/><\/span><\/div><\/div><\/div><div class=\"fusion-layout-column fusion_builder_column fusion-builder-column-2 fusion_builder_column_2_3 2_3 fusion-flex-column fusion-flex-align-self-center\" style=\"--awb-padding-left:0px;--awb-padding-top-small:30px;--awb-padding-bottom-small:30px;--awb-bg-blend:overlay;--awb-bg-size:cover;--awb-width-large:66.666666666667%;--awb-margin-top-large:15px;--awb-spacing-right-large:0px;--awb-margin-bottom-large:15px;--awb-spacing-left-large:0px;--awb-width-medium:100%;--awb-order-medium:0;--awb-margin-top-medium:0px;--awb-spacing-right-medium:0px;--awb-margin-bottom-medium:0px;--awb-spacing-left-medium:0px;--awb-width-small:100%;--awb-order-small:0;--awb-spacing-right-small:0px;--awb-spacing-left-small:0px;\"><div class=\"fusion-column-wrapper fusion-column-has-shadow fusion-flex-justify-content-flex-start fusion-content-layout-column\"><div class=\"fusion-separator fusion-full-width-sep\" style=\"align-self: center;margin-left: auto;margin-right: auto;margin-top:20px;width:100%;\"><\/div><div class=\"fusion-text fusion-text-2\" style=\"--awb-content-alignment:center;--awb-font-size:16px;--awb-text-transform:none;\"><p style=\"text-align: center;\">Proizvo\u0111a\u010d: Osato International Inc. #1956 Inatomi Ono-cho Ibi-gun Gifu 501 0501 JAPAN<br \/>\nDistributer za Hrvatsku: Maay d.o.o., Mlinovi 159a, Zagreb, Hrvatska, OIB: 36025813831<br \/>\nFPP\u00ae nije namijenjen lije\u010denju ili sprje\u010davanju bilo koje bolesti.<\/p>\n<\/div><\/div><\/div><div class=\"fusion-layout-column fusion_builder_column fusion-builder-column-3 fusion_builder_column_1_6 1_6 fusion-flex-column\" style=\"--awb-bg-size:cover;--awb-width-large:16.666666666667%;--awb-margin-top-large:15px;--awb-spacing-right-large:0px;--awb-margin-bottom-large:15px;--awb-spacing-left-large:0px;--awb-width-medium:100%;--awb-order-medium:0;--awb-spacing-right-medium:0px;--awb-spacing-left-medium:0px;--awb-width-small:100%;--awb-order-small:0;--awb-spacing-right-small:0px;--awb-spacing-left-small:0px;\"><div class=\"fusion-column-wrapper fusion-column-has-shadow fusion-flex-justify-content-flex-start fusion-content-layout-column\"><div class=\"fusion-image-element \" style=\"--awb-caption-title-font-family:var(--h2_typography-font-family);--awb-caption-title-font-weight:var(--h2_typography-font-weight);--awb-caption-title-font-style:var(--h2_typography-font-style);--awb-caption-title-size:var(--h2_typography-font-size);--awb-caption-title-transform:var(--h2_typography-text-transform);--awb-caption-title-line-height:var(--h2_typography-line-height);--awb-caption-title-letter-spacing:var(--h2_typography-letter-spacing);\"><span class=\" fusion-imageframe imageframe-none imageframe-2 hover-type-none\"><img decoding=\"async\" width=\"642\" height=\"438\" title=\"FPP-proizvod\" src=\"https:\/\/fpp.hr\/wp-content\/uploads\/2022\/11\/FPP-proizvod.png\" data-orig-src=\"https:\/\/fpp.hr\/wp-content\/uploads\/2022\/11\/FPP-proizvod.png\" alt class=\"lazyload img-responsive wp-image-2346\" srcset=\"data:image\/svg+xml,%3Csvg%20xmlns%3D%27http%3A%2F%2Fwww.w3.org%2F2000%2Fsvg%27%20width%3D%27642%27%20height%3D%27438%27%20viewBox%3D%270%200%20642%20438%27%3E%3Crect%20width%3D%27642%27%20height%3D%27438%27%20fill-opacity%3D%220%22%2F%3E%3C%2Fsvg%3E\" data-srcset=\"https:\/\/fpp.hr\/wp-content\/uploads\/2022\/11\/FPP-proizvod-200x136.png 200w, https:\/\/fpp.hr\/wp-content\/uploads\/2022\/11\/FPP-proizvod-400x273.png 400w, https:\/\/fpp.hr\/wp-content\/uploads\/2022\/11\/FPP-proizvod-600x409.png 600w, https:\/\/fpp.hr\/wp-content\/uploads\/2022\/11\/FPP-proizvod.png 642w\" data-sizes=\"auto\" data-orig-sizes=\"(max-width: 1024px) 100vw, (max-width: 640px) 100vw, 200px\" \/><\/span><\/div><\/div><\/div><\/div><\/div><\/p>\n","protected":false},"excerpt":{"rendered":"","protected":false},"author":1,"featured_media":0,"parent":0,"menu_order":0,"comment_status":"closed","ping_status":"open","template":"","meta":{"footnotes":""},"class_list":["post-2046","page","type-page","status-publish","hentry"],"_links":{"self":[{"href":"https:\/\/fpp.hr\/sl\/wp-json\/wp\/v2\/pages\/2046","targetHints":{"allow":["GET"]}}],"collection":[{"href":"https:\/\/fpp.hr\/sl\/wp-json\/wp\/v2\/pages"}],"about":[{"href":"https:\/\/fpp.hr\/sl\/wp-json\/wp\/v2\/types\/page"}],"author":[{"embeddable":true,"href":"https:\/\/fpp.hr\/sl\/wp-json\/wp\/v2\/users\/1"}],"replies":[{"embeddable":true,"href":"https:\/\/fpp.hr\/sl\/wp-json\/wp\/v2\/comments?post=2046"}],"version-history":[{"count":11,"href":"https:\/\/fpp.hr\/sl\/wp-json\/wp\/v2\/pages\/2046\/revisions"}],"predecessor-version":[{"id":2807,"href":"https:\/\/fpp.hr\/sl\/wp-json\/wp\/v2\/pages\/2046\/revisions\/2807"}],"wp:attachment":[{"href":"https:\/\/fpp.hr\/sl\/wp-json\/wp\/v2\/media?parent=2046"}],"curies":[{"name":"wp","href":"https:\/\/api.w.org\/{rel}","templated":true}]}}